{"id":363,"date":"2023-02-16T10:27:50","date_gmt":"2023-02-16T18:27:50","guid":{"rendered":"https:\/\/grupogucot.com\/wp\/?page_id=363"},"modified":"2023-02-16T16:31:00","modified_gmt":"2023-02-17T00:31:00","slug":"inacs","status":"publish","type":"page","link":"https:\/\/grupogucot.com\/es\/inacs\/","title":{"rendered":"INACS"},"content":{"rendered":"<div data-elementor-type=\"wp-page\" data-elementor-id=\"363\" class=\"elementor elementor-363\">\n\t\t\t\t\t\t<section class=\"elementor-section elementor-top-section elementor-element elementor-element-20892f48 elementor-section-boxed elementor-section-height-default elementor-section-height-default tf-sticky-section tf-sticky-no\" data-id=\"20892f48\" data-element_type=\"section\" data-settings=\"{&quot;background_background&quot;:&quot;classic&quot;,&quot;tf_sticky&quot;:&quot;no&quot;}\">\n\t\t\t\t\t\t\t<div class=\"elementor-background-overlay\"><\/div>\n\t\t\t\t\t\t\t<div class=\"elementor-container elementor-column-gap-default\">\n\t\t\t\t\t<div class=\"elementor-column elementor-col-100 elementor-top-column elementor-element elementor-element-5dda7b97\" data-id=\"5dda7b97\" data-element_type=\"column\">\n\t\t\t<div class=\"elementor-widget-wrap elementor-element-populated\">\n\t\t\t\t\t\t<div class=\"elementor-element elementor-element-3073581f elementor-invisible elementor-widget elementor-widget-heading\" data-id=\"3073581f\" data-element_type=\"widget\" data-settings=\"{&quot;_animation&quot;:&quot;fadeInUp&quot;}\" data-widget_type=\"heading.default\">\n\t\t\t\t<div class=\"elementor-widget-container\">\n\t\t\t<h2 class=\"elementor-heading-title elementor-size-default\">INACS<\/h2>\t\t<\/div>\n\t\t\t\t<\/div>\n\t\t\t\t<div class=\"elementor-element elementor-element-68d5625f elementor-icon-list--layout-inline elementor-align-center elementor-list-item-link-full_width elementor-invisible elementor-widget elementor-widget-icon-list\" data-id=\"68d5625f\" data-element_type=\"widget\" data-settings=\"{&quot;_animation&quot;:&quot;fadeInUp&quot;}\" data-widget_type=\"icon-list.default\">\n\t\t\t\t<div class=\"elementor-widget-container\">\n\t\t\t\t\t<ul class=\"elementor-icon-list-items elementor-inline-items\">\n\t\t\t\t\t\t\t<li class=\"elementor-icon-list-item elementor-inline-item\">\n\t\t\t\t\t\t\t\t\t\t\t<a href=\"#\">\n\n\t\t\t\t\t\t\t\t\t\t\t<span class=\"elementor-icon-list-text\">Grupo GUCOT<\/span>\n\t\t\t\t\t\t\t\t\t\t\t<\/a>\n\t\t\t\t\t\t\t\t\t<\/li>\n\t\t\t\t\t\t\t\t<li class=\"elementor-icon-list-item elementor-inline-item\">\n\t\t\t\t\t\t\t\t\t\t\t<span class=\"elementor-icon-list-icon\">\n\t\t\t\t\t\t\t<i aria-hidden=\"true\" class=\"fas fa-angle-double-right\"><\/i>\t\t\t\t\t\t<\/span>\n\t\t\t\t\t\t\t\t\t\t<span class=\"elementor-icon-list-text\"><\/span>\n\t\t\t\t\t\t\t\t\t<\/li>\n\t\t\t\t\t\t\t\t<li class=\"elementor-icon-list-item elementor-inline-item\">\n\t\t\t\t\t\t\t\t\t\t<span class=\"elementor-icon-list-text\">Importaci\u00f3n-Exportaci\u00f3n<\/span>\n\t\t\t\t\t\t\t\t\t<\/li>\n\t\t\t\t\t\t<\/ul>\n\t\t\t\t<\/div>\n\t\t\t\t<\/div>\n\t\t\t\t\t<\/div>\n\t\t<\/div>\n\t\t\t\t\t<\/div>\n\t\t<\/section>\n\t\t\t\t<section class=\"elementor-section elementor-top-section elementor-element elementor-element-22a9216 elementor-section-boxed elementor-section-height-default elementor-section-height-default tf-sticky-section tf-sticky-no\" data-id=\"22a9216\" data-element_type=\"section\" data-settings=\"{&quot;tf_sticky&quot;:&quot;no&quot;}\">\n\t\t\t\t\t\t<div class=\"elementor-container elementor-column-gap-default\">\n\t\t\t\t\t<div class=\"elementor-column elementor-col-66 elementor-top-column elementor-element elementor-element-23d45fff\" data-id=\"23d45fff\" data-element_type=\"column\">\n\t\t\t<div class=\"elementor-widget-wrap elementor-element-populated\">\n\t\t\t\t\t\t<div class=\"elementor-element elementor-element-1d0d1d7c elementor-invisible elementor-widget elementor-widget-image\" data-id=\"1d0d1d7c\" data-element_type=\"widget\" data-settings=\"{&quot;_animation&quot;:&quot;fadeInUp&quot;}\" data-widget_type=\"image.default\">\n\t\t\t\t<div class=\"elementor-widget-container\">\n\t\t\t\t\t\t\t\t\t\t\t\t\t<img fetchpriority=\"high\" decoding=\"async\" width=\"800\" height=\"534\" src=\"https:\/\/grupogucot.com\/wp-content\/uploads\/2023\/02\/09-1024x683.webp\" class=\"attachment-large size-large wp-image-373\" alt=\"\" srcset=\"https:\/\/grupogucot.com\/wp-content\/uploads\/2023\/02\/09-1024x683.webp 1024w, https:\/\/grupogucot.com\/wp-content\/uploads\/2023\/02\/09-300x200.webp 300w, https:\/\/grupogucot.com\/wp-content\/uploads\/2023\/02\/09-768x512.webp 768w, https:\/\/grupogucot.com\/wp-content\/uploads\/2023\/02\/09-1536x1024.webp 1536w, https:\/\/grupogucot.com\/wp-content\/uploads\/2023\/02\/09-18x12.webp 18w, https:\/\/grupogucot.com\/wp-content\/uploads\/2023\/02\/09.webp 2048w\" sizes=\"(max-width: 800px) 100vw, 800px\" \/>\t\t\t\t\t\t\t\t\t\t\t\t\t<\/div>\n\t\t\t\t<\/div>\n\t\t\t\t<div class=\"elementor-element elementor-element-10590883 elementor-icon-list--layout-traditional elementor-list-item-link-full_width elementor-invisible elementor-widget elementor-widget-icon-list\" data-id=\"10590883\" data-element_type=\"widget\" data-settings=\"{&quot;_animation&quot;:&quot;fadeInUp&quot;}\" data-widget_type=\"icon-list.default\">\n\t\t\t\t<div class=\"elementor-widget-container\">\n\t\t\t\t\t<ul class=\"elementor-icon-list-items\">\n\t\t\t\t\t\t\t<li class=\"elementor-icon-list-item\">\n\t\t\t\t\t\t\t\t\t\t\t<span class=\"elementor-icon-list-icon\">\n\t\t\t\t\t\t\t<i aria-hidden=\"true\" class=\"fas fa-flag-usa\"><\/i>\t\t\t\t\t\t<\/span>\n\t\t\t\t\t\t\t\t\t\t<span class=\"elementor-icon-list-text\">INACS<\/span>\n\t\t\t\t\t\t\t\t\t<\/li>\n\t\t\t\t\t\t<\/ul>\n\t\t\t\t<\/div>\n\t\t\t\t<\/div>\n\t\t\t\t<div class=\"elementor-element elementor-element-95e844d elementor-invisible elementor-widget elementor-widget-text-editor\" data-id=\"95e844d\" data-element_type=\"widget\" data-settings=\"{&quot;_animation&quot;:&quot;fadeInUp&quot;}\" data-widget_type=\"text-editor.default\">\n\t\t\t\t<div class=\"elementor-widget-container\">\n\t\t\t\t\t\t\t<p>Dentro de Grupo Gucot se encuentra el brazo de INACS cuya funci\u00f3n principal es la importaci\u00f3n y exportaci\u00f3n entre USA y M\u00e9xico.<\/p>\t\t\t\t\t\t<\/div>\n\t\t\t\t<\/div>\n\t\t\t\t<section class=\"elementor-section elementor-inner-section elementor-element elementor-element-e014976 elementor-section-boxed elementor-section-height-default elementor-section-height-default tf-sticky-section tf-sticky-no\" data-id=\"e014976\" data-element_type=\"section\" data-settings=\"{&quot;tf_sticky&quot;:&quot;no&quot;}\">\n\t\t\t\t\t\t<div class=\"elementor-container elementor-column-gap-default\">\n\t\t\t\t\t<div class=\"elementor-column elementor-col-100 elementor-inner-column elementor-element elementor-element-f3ca556\" data-id=\"f3ca556\" data-element_type=\"column\">\n\t\t\t<div class=\"elementor-widget-wrap elementor-element-populated\">\n\t\t\t\t\t\t<div class=\"elementor-element elementor-element-f85d395 elementor-icon-list--layout-traditional elementor-list-item-link-full_width elementor-widget elementor-widget-icon-list\" data-id=\"f85d395\" data-element_type=\"widget\" data-widget_type=\"icon-list.default\">\n\t\t\t\t<div class=\"elementor-widget-container\">\n\t\t\t\t\t<ul class=\"elementor-icon-list-items\">\n\t\t\t\t\t\t\t<li class=\"elementor-icon-list-item\">\n\t\t\t\t\t\t\t\t\t\t\t<span class=\"elementor-icon-list-icon\">\n\t\t\t\t\t\t\t<i aria-hidden=\"true\" class=\"fas fa-dot-circle\"><\/i>\t\t\t\t\t\t<\/span>\n\t\t\t\t\t\t\t\t\t\t<span class=\"elementor-icon-list-text\">Amplia experiencia en el rubro de la construcci\u00f3n<\/span>\n\t\t\t\t\t\t\t\t\t<\/li>\n\t\t\t\t\t\t<\/ul>\n\t\t\t\t<\/div>\n\t\t\t\t<\/div>\n\t\t\t\t\t<\/div>\n\t\t<\/div>\n\t\t\t\t\t<\/div>\n\t\t<\/section>\n\t\t\t\t<div class=\"elementor-element elementor-element-722f4793 elementor-invisible elementor-widget elementor-widget-text-editor\" data-id=\"722f4793\" data-element_type=\"widget\" data-settings=\"{&quot;_animation&quot;:&quot;fadeInUp&quot;}\" data-widget_type=\"text-editor.default\">\n\t\t\t\t<div class=\"elementor-widget-container\">\n\t\t\t\t\t\t\t<p><span data-offset-key=\"fbcus-0-0\">Nos especializamos en materiales de construcci\u00f3n por lo que somos el socio perfecto para este sector en especifico, sin embargo cubrimos igualmente de muchos otros sectores de la misma gran manera.<\/span><\/p>\t\t\t\t\t\t<\/div>\n\t\t\t\t<\/div>\n\t\t\t\t<section class=\"elementor-section elementor-inner-section elementor-element elementor-element-27b8b1a3 elementor-section-boxed elementor-section-height-default elementor-section-height-default tf-sticky-section tf-sticky-no elementor-invisible\" data-id=\"27b8b1a3\" data-element_type=\"section\" data-settings=\"{&quot;animation&quot;:&quot;fadeInUp&quot;,&quot;tf_sticky&quot;:&quot;no&quot;}\">\n\t\t\t\t\t\t<div class=\"elementor-container elementor-column-gap-default\">\n\t\t\t\t\t<div class=\"elementor-column elementor-col-50 elementor-inner-column elementor-element elementor-element-212e71c2\" data-id=\"212e71c2\" data-element_type=\"column\" data-settings=\"{&quot;background_background&quot;:&quot;classic&quot;}\">\n\t\t\t<div class=\"elementor-widget-wrap\">\n\t\t\t\t\t\t\t<\/div>\n\t\t<\/div>\n\t\t\t\t<div class=\"elementor-column elementor-col-50 elementor-inner-column elementor-element elementor-element-358ce4f2\" data-id=\"358ce4f2\" data-element_type=\"column\">\n\t\t\t<div class=\"elementor-widget-wrap elementor-element-populated\">\n\t\t\t\t\t\t<div class=\"elementor-element elementor-element-2e0a1ba9 elementor-widget elementor-widget-heading\" data-id=\"2e0a1ba9\" data-element_type=\"widget\" data-widget_type=\"heading.default\">\n\t\t\t\t<div class=\"elementor-widget-container\">\n\t\t\t<h2 class=\"elementor-heading-title elementor-size-default\">\nFeatures<\/h2>\t\t<\/div>\n\t\t\t\t<\/div>\n\t\t\t\t<div class=\"elementor-element elementor-element-56e3c511 elementor-widget elementor-widget-text-editor\" data-id=\"56e3c511\" data-element_type=\"widget\" data-widget_type=\"text-editor.default\">\n\t\t\t\t<div class=\"elementor-widget-container\">\n\t\t\t\t\t\t\t<ul class=\"public-DraftStyleDefault-ul\" data-offset-key=\"bbcqj-0-0\"><li class=\"public-DraftStyleDefault-unorderedListItem public-DraftStyleDefault-reset public-DraftStyleDefault-depth0 public-DraftStyleDefault-listLTR\" data-block=\"true\" data-editor=\"5o9d0\" data-offset-key=\"bbcqj-0-0\"><div class=\"public-DraftStyleDefault-block public-DraftStyleDefault-ltr\" data-offset-key=\"bbcqj-0-0\"><span data-offset-key=\"bbcqj-0-0\">Expertos en materiales de construcci\u00f3n<\/span><\/div><\/li><\/ul><p><span data-offset-key=\"bbcqj-0-0\">\u00a0<\/span><\/p>\t\t\t\t\t\t<\/div>\n\t\t\t\t<\/div>\n\t\t\t\t<div class=\"elementor-element elementor-element-172f8555 elementor-icon-list--layout-traditional elementor-list-item-link-full_width elementor-widget elementor-widget-icon-list\" data-id=\"172f8555\" data-element_type=\"widget\" data-widget_type=\"icon-list.default\">\n\t\t\t\t<div class=\"elementor-widget-container\">\n\t\t\t\t\t<ul class=\"elementor-icon-list-items\">\n\t\t\t\t\t\t\t<li class=\"elementor-icon-list-item\">\n\t\t\t\t\t\t\t\t\t\t\t<span class=\"elementor-icon-list-icon\">\n\t\t\t\t\t\t\t<i aria-hidden=\"true\" class=\"fas fa-check-double\"><\/i>\t\t\t\t\t\t<\/span>\n\t\t\t\t\t\t\t\t\t\t<span class=\"elementor-icon-list-text\">La madera, materiales p\u00e9treos, metales, tarimas y otros productos de madera son parte de nuestras especialidades, por lo que siempre puede contar con nosotros para brindarle lo que necesita en cuanto a estos elementos de construcci\u00f3n se refiere.<\/span>\n\t\t\t\t\t\t\t\t\t<\/li>\n\t\t\t\t\t\t<\/ul>\n\t\t\t\t<\/div>\n\t\t\t\t<\/div>\n\t\t\t\t\t<\/div>\n\t\t<\/div>\n\t\t\t\t\t<\/div>\n\t\t<\/section>\n\t\t\t\t<section class=\"elementor-section elementor-inner-section elementor-element elementor-element-5bdfd37a elementor-section-boxed elementor-section-height-default elementor-section-height-default tf-sticky-section tf-sticky-no\" data-id=\"5bdfd37a\" data-element_type=\"section\" data-settings=\"{&quot;tf_sticky&quot;:&quot;no&quot;}\">\n\t\t\t\t\t\t<div class=\"elementor-container elementor-column-gap-default\">\n\t\t\t\t\t<div class=\"elementor-column elementor-col-100 elementor-inner-column elementor-element elementor-element-1e3c43b4 elementor-invisible\" data-id=\"1e3c43b4\" data-element_type=\"column\" data-settings=\"{&quot;animation&quot;:&quot;fadeInUp&quot;}\">\n\t\t\t<div class=\"elementor-widget-wrap elementor-element-populated\">\n\t\t\t\t\t\t<div class=\"elementor-element elementor-element-5f4c4733 elementor-widget elementor-widget-heading\" data-id=\"5f4c4733\" data-element_type=\"widget\" data-widget_type=\"heading.default\">\n\t\t\t\t<div class=\"elementor-widget-container\">\n\t\t\t<h2 class=\"elementor-heading-title elementor-size-default\">Atenci\u00f3n al cliente que escucha<\/h2>\t\t<\/div>\n\t\t\t\t<\/div>\n\t\t\t\t<div class=\"elementor-element elementor-element-300b362a elementor-widget elementor-widget-text-editor\" data-id=\"300b362a\" data-element_type=\"widget\" data-widget_type=\"text-editor.default\">\n\t\t\t\t<div class=\"elementor-widget-container\">\n\t\t\t\t\t\t\t<p><span data-offset-key=\"2nvqj-0-0\">Le brindamos atenci\u00f3n personalizada durante todo el proceso de la importaci\u00f3n o exportaci\u00f3n; esto para que tenga la certeza lo que est\u00e1 pasando en cada paso del desarrollo de su operaci\u00f3n.<\/span><\/p>\t\t\t\t\t\t<\/div>\n\t\t\t\t<\/div>\n\t\t\t\t\t<\/div>\n\t\t<\/div>\n\t\t\t\t\t<\/div>\n\t\t<\/section>\n\t\t\t\t\t<\/div>\n\t\t<\/div>\n\t\t\t\t<div class=\"elementor-column elementor-col-33 elementor-top-column elementor-element elementor-element-272e9c72\" data-id=\"272e9c72\" data-element_type=\"column\">\n\t\t\t<div class=\"elementor-widget-wrap elementor-element-populated\">\n\t\t\t\t\t\t<section class=\"elementor-section elementor-inner-section elementor-element elementor-element-69660f6b elementor-section-boxed elementor-section-height-default elementor-section-height-default tf-sticky-section tf-sticky-no elementor-invisible\" data-id=\"69660f6b\" data-element_type=\"section\" data-settings=\"{&quot;animation&quot;:&quot;fadeInUp&quot;,&quot;tf_sticky&quot;:&quot;no&quot;}\">\n\t\t\t\t\t\t<div class=\"elementor-container elementor-column-gap-default\">\n\t\t\t\t\t<div class=\"elementor-column elementor-col-100 elementor-inner-column elementor-element elementor-element-aa024af\" data-id=\"aa024af\" data-element_type=\"column\">\n\t\t\t<div class=\"elementor-widget-wrap elementor-element-populated\">\n\t\t\t\t\t\t<div class=\"elementor-element elementor-element-e28068a elementor-widget elementor-widget-image\" data-id=\"e28068a\" data-element_type=\"widget\" data-widget_type=\"image.default\">\n\t\t\t\t<div class=\"elementor-widget-container\">\n\t\t\t\t\t\t\t\t\t\t\t\t\t<img decoding=\"async\" width=\"800\" height=\"534\" src=\"https:\/\/grupogucot.com\/wp-content\/uploads\/2023\/02\/23-1024x684.webp\" class=\"attachment-large size-large wp-image-386\" alt=\"\" srcset=\"https:\/\/grupogucot.com\/wp-content\/uploads\/2023\/02\/23-1024x684.webp 1024w, https:\/\/grupogucot.com\/wp-content\/uploads\/2023\/02\/23-300x200.webp 300w, https:\/\/grupogucot.com\/wp-content\/uploads\/2023\/02\/23-768x513.webp 768w, https:\/\/grupogucot.com\/wp-content\/uploads\/2023\/02\/23-1536x1025.webp 1536w, https:\/\/grupogucot.com\/wp-content\/uploads\/2023\/02\/23-18x12.webp 18w, https:\/\/grupogucot.com\/wp-content\/uploads\/2023\/02\/23.webp 2048w\" sizes=\"(max-width: 800px) 100vw, 800px\" \/>\t\t\t\t\t\t\t\t\t\t\t\t\t<\/div>\n\t\t\t\t<\/div>\n\t\t\t\t\t<\/div>\n\t\t<\/div>\n\t\t\t\t\t<\/div>\n\t\t<\/section>\n\t\t\t\t<section class=\"elementor-section elementor-inner-section elementor-element elementor-element-2fe9f6ba elementor-section-boxed elementor-section-height-default elementor-section-height-default tf-sticky-section tf-sticky-no elementor-invisible\" data-id=\"2fe9f6ba\" data-element_type=\"section\" data-settings=\"{&quot;animation&quot;:&quot;fadeInUp&quot;,&quot;tf_sticky&quot;:&quot;no&quot;}\">\n\t\t\t\t\t\t<div class=\"elementor-container elementor-column-gap-default\">\n\t\t\t\t\t<div class=\"elementor-column elementor-col-100 elementor-inner-column elementor-element elementor-element-620ad8bd\" data-id=\"620ad8bd\" data-element_type=\"column\" data-settings=\"{&quot;background_background&quot;:&quot;classic&quot;}\">\n\t\t\t<div class=\"elementor-widget-wrap elementor-element-populated\">\n\t\t\t\t\t<div class=\"elementor-background-overlay\"><\/div>\n\t\t\t\t\t\t<div class=\"elementor-element elementor-element-6403bede elementor-widget elementor-widget-heading\" data-id=\"6403bede\" data-element_type=\"widget\" data-widget_type=\"heading.default\">\n\t\t\t\t<div class=\"elementor-widget-container\">\n\t\t\t<h3 class=\"elementor-heading-title elementor-size-default\">Somos la mejor opci\u00f3n para transportar tus productos\n\n<\/h3>\t\t<\/div>\n\t\t\t\t<\/div>\n\t\t\t\t<div class=\"elementor-element elementor-element-114e4fc8 elementor-align-center elementor-widget elementor-widget-button\" data-id=\"114e4fc8\" data-element_type=\"widget\" data-widget_type=\"button.default\">\n\t\t\t\t<div class=\"elementor-widget-container\">\n\t\t\t\t\t<div class=\"elementor-button-wrapper\">\n\t\t\t<a class=\"elementor-button elementor-button-link elementor-size-sm\" href=\"#\">\n\t\t\t\t\t\t<span class=\"elementor-button-content-wrapper\">\n\t\t\t\t\t\t<span class=\"elementor-button-icon\">\n\t\t\t\t<i aria-hidden=\"true\" class=\"fas fa-angle-double-right\"><\/i>\t\t\t<\/span>\n\t\t\t\t\t\t\t\t\t<span class=\"elementor-button-text\">Cont\u00e1ctanos<\/span>\n\t\t\t\t\t<\/span>\n\t\t\t\t\t<\/a>\n\t\t<\/div>\n\t\t\t\t<\/div>\n\t\t\t\t<\/div>\n\t\t\t\t\t<\/div>\n\t\t<\/div>\n\t\t\t\t\t<\/div>\n\t\t<\/section>\n\t\t\t\t\t<\/div>\n\t\t<\/div>\n\t\t\t\t\t<\/div>\n\t\t<\/section>\n\t\t\t\t<\/div>","protected":false},"excerpt":{"rendered":"<p>INACS GUCOT Group Import-Export INACS Within Grupo Gucot is the arm of INACS whose main function is import and export between the USA and Mexico. Extensive experience in the construction industry We specialize in construction materials so we are the perfect partner for this specific sector, however we also cover many other sectors in the [&hellip;]<\/p>","protected":false},"author":1,"featured_media":0,"parent":0,"menu_order":0,"comment_status":"closed","ping_status":"closed","template":"","meta":{"footnotes":""},"class_list":["post-363","page","type-page","status-publish","hentry"],"yoast_head":"<!-- This site is optimized with the Yoast SEO plugin v22.7 - https:\/\/yoast.com\/wordpress\/plugins\/seo\/ -->\n<title>INACS - GrupoGucot<\/title>\n<meta name=\"robots\" content=\"index, follow, max-snippet:-1, max-image-preview:large, max-video-preview:-1\" \/>\n<link rel=\"canonical\" href=\"https:\/\/grupogucot.com\/es\/inacs\/\" \/>\n<meta property=\"og:locale\" content=\"es_MX\" \/>\n<meta property=\"og:type\" content=\"article\" \/>\n<meta property=\"og:title\" content=\"INACS - GrupoGucot\" \/>\n<meta property=\"og:description\" content=\"INACS GUCOT Group Import-Export INACS Within Grupo Gucot is the arm of INACS whose main function is import and export between the USA and Mexico. Extensive experience in the construction industry We specialize in construction materials so we are the perfect partner for this specific sector, however we also cover many other sectors in the [&hellip;]\" \/>\n<meta property=\"og:url\" content=\"https:\/\/grupogucot.com\/es\/inacs\/\" \/>\n<meta property=\"og:site_name\" content=\"GrupoGucot\" \/>\n<meta property=\"article:modified_time\" content=\"2023-02-17T00:31:00+00:00\" \/>\n<meta property=\"og:image\" content=\"https:\/\/grupogucot.com\/wp\/wp-content\/uploads\/2023\/02\/09-1024x683.webp\" \/>\n<meta name=\"twitter:card\" content=\"summary_large_image\" \/>\n<meta name=\"twitter:label1\" content=\"Tiempo de lectura\" \/>\n\t<meta name=\"twitter:data1\" content=\"2 minutos\" \/>\n<script type=\"application\/ld+json\" class=\"yoast-schema-graph\">{\"@context\":\"https:\/\/schema.org\",\"@graph\":[{\"@type\":\"WebPage\",\"@id\":\"https:\/\/grupogucot.com\/inacs\/\",\"url\":\"https:\/\/grupogucot.com\/inacs\/\",\"name\":\"INACS - GrupoGucot\",\"isPartOf\":{\"@id\":\"https:\/\/grupogucot.com\/#website\"},\"primaryImageOfPage\":{\"@id\":\"https:\/\/grupogucot.com\/inacs\/#primaryimage\"},\"image\":{\"@id\":\"https:\/\/grupogucot.com\/inacs\/#primaryimage\"},\"thumbnailUrl\":\"https:\/\/grupogucot.com\/wp\/wp-content\/uploads\/2023\/02\/09-1024x683.webp\",\"datePublished\":\"2023-02-16T18:27:50+00:00\",\"dateModified\":\"2023-02-17T00:31:00+00:00\",\"breadcrumb\":{\"@id\":\"https:\/\/grupogucot.com\/inacs\/#breadcrumb\"},\"inLanguage\":\"es\",\"potentialAction\":[{\"@type\":\"ReadAction\",\"target\":[\"https:\/\/grupogucot.com\/inacs\/\"]}]},{\"@type\":\"ImageObject\",\"inLanguage\":\"es\",\"@id\":\"https:\/\/grupogucot.com\/inacs\/#primaryimage\",\"url\":\"https:\/\/grupogucot.com\/wp\/wp-content\/uploads\/2023\/02\/09-1024x683.webp\",\"contentUrl\":\"https:\/\/grupogucot.com\/wp\/wp-content\/uploads\/2023\/02\/09-1024x683.webp\"},{\"@type\":\"BreadcrumbList\",\"@id\":\"https:\/\/grupogucot.com\/inacs\/#breadcrumb\",\"itemListElement\":[{\"@type\":\"ListItem\",\"position\":1,\"name\":\"Home\",\"item\":\"https:\/\/grupogucot.com\/\"},{\"@type\":\"ListItem\",\"position\":2,\"name\":\"INACS\"}]},{\"@type\":\"WebSite\",\"@id\":\"https:\/\/grupogucot.com\/#website\",\"url\":\"https:\/\/grupogucot.com\/\",\"name\":\"GrupoGucot\",\"description\":\"\",\"publisher\":{\"@id\":\"https:\/\/grupogucot.com\/#organization\"},\"potentialAction\":[{\"@type\":\"SearchAction\",\"target\":{\"@type\":\"EntryPoint\",\"urlTemplate\":\"https:\/\/grupogucot.com\/?s={search_term_string}\"},\"query-input\":\"required name=search_term_string\"}],\"inLanguage\":\"es\"},{\"@type\":\"Organization\",\"@id\":\"https:\/\/grupogucot.com\/#organization\",\"name\":\"GrupoGucot\",\"url\":\"https:\/\/grupogucot.com\/\",\"logo\":{\"@type\":\"ImageObject\",\"inLanguage\":\"es\",\"@id\":\"https:\/\/grupogucot.com\/#\/schema\/logo\/image\/\",\"url\":\"https:\/\/grupogucot.com\/wp-content\/uploads\/2023\/02\/cropped-Horizontal_GUCOT-02.png\",\"contentUrl\":\"https:\/\/grupogucot.com\/wp-content\/uploads\/2023\/02\/cropped-Horizontal_GUCOT-02.png\",\"width\":1500,\"height\":552,\"caption\":\"GrupoGucot\"},\"image\":{\"@id\":\"https:\/\/grupogucot.com\/#\/schema\/logo\/image\/\"}}]}<\/script>\n<!-- \/ Yoast SEO plugin. -->","yoast_head_json":{"title":"INACS - GrupoGucot","robots":{"index":"index","follow":"follow","max-snippet":"max-snippet:-1","max-image-preview":"max-image-preview:large","max-video-preview":"max-video-preview:-1"},"canonical":"https:\/\/grupogucot.com\/es\/inacs\/","og_locale":"es_MX","og_type":"article","og_title":"INACS - GrupoGucot","og_description":"INACS GUCOT Group Import-Export INACS Within Grupo Gucot is the arm of INACS whose main function is import and export between the USA and Mexico. Extensive experience in the construction industry We specialize in construction materials so we are the perfect partner for this specific sector, however we also cover many other sectors in the [&hellip;]","og_url":"https:\/\/grupogucot.com\/es\/inacs\/","og_site_name":"GrupoGucot","article_modified_time":"2023-02-17T00:31:00+00:00","og_image":[{"url":"https:\/\/grupogucot.com\/wp\/wp-content\/uploads\/2023\/02\/09-1024x683.webp"}],"twitter_card":"summary_large_image","twitter_misc":{"Tiempo de lectura":"2 minutos"},"schema":{"@context":"https:\/\/schema.org","@graph":[{"@type":"WebPage","@id":"https:\/\/grupogucot.com\/inacs\/","url":"https:\/\/grupogucot.com\/inacs\/","name":"INACS - GrupoGucot","isPartOf":{"@id":"https:\/\/grupogucot.com\/#website"},"primaryImageOfPage":{"@id":"https:\/\/grupogucot.com\/inacs\/#primaryimage"},"image":{"@id":"https:\/\/grupogucot.com\/inacs\/#primaryimage"},"thumbnailUrl":"https:\/\/grupogucot.com\/wp\/wp-content\/uploads\/2023\/02\/09-1024x683.webp","datePublished":"2023-02-16T18:27:50+00:00","dateModified":"2023-02-17T00:31:00+00:00","breadcrumb":{"@id":"https:\/\/grupogucot.com\/inacs\/#breadcrumb"},"inLanguage":"es","potentialAction":[{"@type":"ReadAction","target":["https:\/\/grupogucot.com\/inacs\/"]}]},{"@type":"ImageObject","inLanguage":"es","@id":"https:\/\/grupogucot.com\/inacs\/#primaryimage","url":"https:\/\/grupogucot.com\/wp\/wp-content\/uploads\/2023\/02\/09-1024x683.webp","contentUrl":"https:\/\/grupogucot.com\/wp\/wp-content\/uploads\/2023\/02\/09-1024x683.webp"},{"@type":"BreadcrumbList","@id":"https:\/\/grupogucot.com\/inacs\/#breadcrumb","itemListElement":[{"@type":"ListItem","position":1,"name":"Home","item":"https:\/\/grupogucot.com\/"},{"@type":"ListItem","position":2,"name":"INACS"}]},{"@type":"WebSite","@id":"https:\/\/grupogucot.com\/#website","url":"https:\/\/grupogucot.com\/","name":"GrupoGucot","description":"","publisher":{"@id":"https:\/\/grupogucot.com\/#organization"},"potentialAction":[{"@type":"SearchAction","target":{"@type":"EntryPoint","urlTemplate":"https:\/\/grupogucot.com\/?s={search_term_string}"},"query-input":"required name=search_term_string"}],"inLanguage":"es"},{"@type":"Organization","@id":"https:\/\/grupogucot.com\/#organization","name":"GrupoGucot","url":"https:\/\/grupogucot.com\/","logo":{"@type":"ImageObject","inLanguage":"es","@id":"https:\/\/grupogucot.com\/#\/schema\/logo\/image\/","url":"https:\/\/grupogucot.com\/wp-content\/uploads\/2023\/02\/cropped-Horizontal_GUCOT-02.png","contentUrl":"https:\/\/grupogucot.com\/wp-content\/uploads\/2023\/02\/cropped-Horizontal_GUCOT-02.png","width":1500,"height":552,"caption":"GrupoGucot"},"image":{"@id":"https:\/\/grupogucot.com\/#\/schema\/logo\/image\/"}}]}},"_links":{"self":[{"href":"https:\/\/grupogucot.com\/es\/wp-json\/wp\/v2\/pages\/363","targetHints":{"allow":["GET"]}}],"collection":[{"href":"https:\/\/grupogucot.com\/es\/wp-json\/wp\/v2\/pages"}],"about":[{"href":"https:\/\/grupogucot.com\/es\/wp-json\/wp\/v2\/types\/page"}],"author":[{"embeddable":true,"href":"https:\/\/grupogucot.com\/es\/wp-json\/wp\/v2\/users\/1"}],"replies":[{"embeddable":true,"href":"https:\/\/grupogucot.com\/es\/wp-json\/wp\/v2\/comments?post=363"}],"version-history":[{"count":20,"href":"https:\/\/grupogucot.com\/es\/wp-json\/wp\/v2\/pages\/363\/revisions"}],"predecessor-version":[{"id":440,"href":"https:\/\/grupogucot.com\/es\/wp-json\/wp\/v2\/pages\/363\/revisions\/440"}],"wp:attachment":[{"href":"https:\/\/grupogucot.com\/es\/wp-json\/wp\/v2\/media?parent=363"}],"curies":[{"name":"wp","href":"https:\/\/api.w.org\/{rel}","templated":true}]}}